{"id":111,"date":"2019-02-02T16:23:30","date_gmt":"2019-02-02T15:23:30","guid":{"rendered":"http:\/\/ecoswimrun.be\/?page_id=111"},"modified":"2019-08-09T23:34:59","modified_gmt":"2019-08-09T21:34:59","slug":"7-km","status":"publish","type":"page","link":"https:\/\/ecoswimrun.be\/nl\/parcours\/7-km\/","title":{"rendered":"8 km"},"content":{"rendered":"<div data-elementor-type=\"wp-post\" data-elementor-id=\"111\" class=\"elementor elementor-111 elementor-bc-flex-widget\" data-elementor-post-type=\"page\">\n\t\t\t\t\t\t<section class=\"elementor-section elementor-top-section elementor-element elementor-element-7a02bb0 elementor-section-boxed elementor-section-height-default elementor-section-height-default\" data-id=\"7a02bb0\" data-element_type=\"section\" data-e-type=\"section\">\n\t\t\t\t\t\t<div class=\"elementor-container elementor-column-gap-default\">\n\t\t\t\t\t<div class=\"elementor-column elementor-col-100 elementor-top-column elementor-element elementor-element-24fa59c\" data-id=\"24fa59c\" data-element_type=\"column\" data-e-type=\"column\">\n\t\t\t<div class=\"elementor-widget-wrap elementor-element-populated\">\n\t\t\t\t\t\t<div class=\"elementor-element elementor-element-059e44b elementor-widget elementor-widget-text-editor\" data-id=\"059e44b\" data-element_type=\"widget\" data-e-type=\"widget\" data-widget_type=\"text-editor.default\">\n\t\t\t\t<div class=\"elementor-widget-container\">\n\t\t\t\t\t\t\t\t\t<h3 style=\"margin-bottom: 0px; text-align: center;\"><span style=\"color: #6fb926;\"><strong>Parcours hippocampe 8 KM<\/strong><\/span><\/h3>\t\t\t\t\t\t\t\t<\/div>\n\t\t\t\t<\/div>\n\t\t\t\t\t<\/div>\n\t\t<\/div>\n\t\t\t\t\t<\/div>\n\t\t<\/section>\n\t\t\t\t<section class=\"elementor-section elementor-top-section elementor-element elementor-element-94329cd elementor-section-boxed elementor-section-height-default elementor-section-height-default\" data-id=\"94329cd\" data-element_type=\"section\" data-e-type=\"section\">\n\t\t\t\t\t\t<div class=\"elementor-container elementor-column-gap-default\">\n\t\t\t\t\t<div class=\"elementor-column elementor-col-100 elementor-top-column elementor-element elementor-element-c9ee8b1\" data-id=\"c9ee8b1\" data-element_type=\"column\" data-e-type=\"column\">\n\t\t\t<div class=\"elementor-widget-wrap elementor-element-populated\">\n\t\t\t\t\t\t<div class=\"elementor-element elementor-element-45130a3 elementor-widget elementor-widget-text-editor\" data-id=\"45130a3\" data-element_type=\"widget\" data-e-type=\"widget\" data-widget_type=\"text-editor.default\">\n\t\t\t\t<div class=\"elementor-widget-container\">\n\t\t\t\t\t\t\t\t\t<h4 style=\"text-align: center;\"><strong>8,879<\/strong> km avec<span style=\"font-size: 1.1rem; letter-spacing: 0.0625rem;\"><strong> 3<\/strong> zones de ravitaillements et <strong>5<\/strong> zones pour jeter vos d\u00e9chets<\/span><\/h4>\t\t\t\t\t\t\t\t<\/div>\n\t\t\t\t<\/div>\n\t\t\t\t\t<\/div>\n\t\t<\/div>\n\t\t\t\t\t<\/div>\n\t\t<\/section>\n\t\t\t\t<section class=\"elementor-section elementor-top-section elementor-element elementor-element-7d85d97 elementor-section-boxed elementor-section-height-default elementor-section-height-default\" data-id=\"7d85d97\" data-element_type=\"section\" data-e-type=\"section\">\n\t\t\t\t\t\t<div class=\"elementor-container elementor-column-gap-default\">\n\t\t\t\t\t<div class=\"elementor-column elementor-col-100 elementor-top-column elementor-element elementor-element-e05fcd7\" data-id=\"e05fcd7\" data-element_type=\"column\" data-e-type=\"column\">\n\t\t\t<div class=\"elementor-widget-wrap elementor-element-populated\">\n\t\t\t\t\t\t<div class=\"elementor-element elementor-element-ce3baea elementor-widget elementor-widget-image\" data-id=\"ce3baea\" data-element_type=\"widget\" data-e-type=\"widget\" data-widget_type=\"image.default\">\n\t\t\t\t<div class=\"elementor-widget-container\">\n\t\t\t\t\t\t\t\t\t\t\t\t\t\t\t\t<a href=\"http:\/\/ecoswimrun.be\/wp-content\/uploads\/2019\/08\/Parcours-9-km.png\" data-elementor-open-lightbox=\"yes\" data-elementor-lightbox-title=\"Parcours 9 km\" data-e-action-hash=\"#elementor-action%3Aaction%3Dlightbox%26settings%3DeyJpZCI6ODAxLCJ1cmwiOiJodHRwczpcL1wvZWNvc3dpbXJ1bi5iZVwvd3AtY29udGVudFwvdXBsb2Fkc1wvMjAxOVwvMDhcL1BhcmNvdXJzLTkta20ucG5nIn0%3D\">\n\t\t\t\t\t\t\t<img fetchpriority=\"high\" decoding=\"async\" width=\"1920\" height=\"804\" src=\"https:\/\/ecoswimrun.be\/wp-content\/uploads\/2019\/08\/Parcours-9-km-1920x804.png\" class=\"attachment-mesmerize-full-hd size-mesmerize-full-hd wp-image-801\" alt=\"\" srcset=\"https:\/\/ecoswimrun.be\/wp-content\/uploads\/2019\/08\/Parcours-9-km-1920x804.png 1920w, https:\/\/ecoswimrun.be\/wp-content\/uploads\/2019\/08\/Parcours-9-km-300x126.png 300w, https:\/\/ecoswimrun.be\/wp-content\/uploads\/2019\/08\/Parcours-9-km-768x321.png 768w, https:\/\/ecoswimrun.be\/wp-content\/uploads\/2019\/08\/Parcours-9-km-1024x429.png 1024w\" sizes=\"(max-width: 1920px) 100vw, 1920px\" \/>\t\t\t\t\t\t\t\t<\/a>\n\t\t\t\t\t\t\t\t\t\t\t\t\t\t\t<\/div>\n\t\t\t\t<\/div>\n\t\t\t\t\t<\/div>\n\t\t<\/div>\n\t\t\t\t\t<\/div>\n\t\t<\/section>\n\t\t\t\t<section class=\"elementor-section elementor-top-section elementor-element elementor-element-108b5dc elementor-section-boxed elementor-section-height-default elementor-section-height-default\" data-id=\"108b5dc\" data-element_type=\"section\" data-e-type=\"section\">\n\t\t\t\t\t\t<div class=\"elementor-container elementor-column-gap-default\">\n\t\t\t\t\t<div class=\"elementor-column elementor-col-100 elementor-top-column elementor-element elementor-element-47c29c0\" data-id=\"47c29c0\" data-element_type=\"column\" data-e-type=\"column\">\n\t\t\t<div class=\"elementor-widget-wrap elementor-element-populated\">\n\t\t\t\t\t\t<div class=\"elementor-element elementor-element-42297c2 elementor-widget elementor-widget-image\" data-id=\"42297c2\" data-element_type=\"widget\" data-e-type=\"widget\" data-widget_type=\"image.default\">\n\t\t\t\t<div class=\"elementor-widget-container\">\n\t\t\t\t\t\t\t\t\t\t\t\t\t\t\t\t<a href=\"http:\/\/ecoswimrun.be\/wp-content\/uploads\/2019\/08\/9-km-172-D.png\" data-elementor-open-lightbox=\"yes\" data-elementor-lightbox-title=\"9 km 172 D+\" data-e-action-hash=\"#elementor-action%3Aaction%3Dlightbox%26settings%3DeyJpZCI6Nzk5LCJ1cmwiOiJodHRwczpcL1wvZWNvc3dpbXJ1bi5iZVwvd3AtY29udGVudFwvdXBsb2Fkc1wvMjAxOVwvMDhcLzkta20tMTcyLUQucG5nIn0%3D\">\n\t\t\t\t\t\t\t<img decoding=\"async\" width=\"916\" height=\"211\" src=\"https:\/\/ecoswimrun.be\/wp-content\/uploads\/2019\/08\/9-km-172-D.png\" class=\"attachment-large size-large wp-image-799\" alt=\"\" srcset=\"https:\/\/ecoswimrun.be\/wp-content\/uploads\/2019\/08\/9-km-172-D.png 916w, https:\/\/ecoswimrun.be\/wp-content\/uploads\/2019\/08\/9-km-172-D-300x69.png 300w, https:\/\/ecoswimrun.be\/wp-content\/uploads\/2019\/08\/9-km-172-D-768x177.png 768w\" sizes=\"(max-width: 916px) 100vw, 916px\" \/>\t\t\t\t\t\t\t\t<\/a>\n\t\t\t\t\t\t\t\t\t\t\t\t\t\t\t<\/div>\n\t\t\t\t<\/div>\n\t\t\t\t\t<\/div>\n\t\t<\/div>\n\t\t\t\t\t<\/div>\n\t\t<\/section>\n\t\t\t\t<section class=\"elementor-section elementor-top-section elementor-element elementor-element-8b8893f elementor-section-boxed elementor-section-height-default elementor-section-height-default\" data-id=\"8b8893f\" data-element_type=\"section\" data-e-type=\"section\">\n\t\t\t\t\t\t<div class=\"elementor-container elementor-column-gap-default\">\n\t\t\t\t\t<div class=\"elementor-column elementor-col-50 elementor-top-column elementor-element elementor-element-c4174c1\" data-id=\"c4174c1\" data-element_type=\"column\" data-e-type=\"column\">\n\t\t\t<div class=\"elementor-widget-wrap elementor-element-populated\">\n\t\t\t\t\t\t<div class=\"elementor-element elementor-element-ee9cfde elementor-widget elementor-widget-text-editor\" data-id=\"ee9cfde\" data-element_type=\"widget\" data-e-type=\"widget\" data-widget_type=\"text-editor.default\">\n\t\t\t\t<div class=\"elementor-widget-container\">\n\t\t\t\t\t\t\t\t\t<h2 style=\"text-align: center;\"><strong>Attention<\/strong><\/h2><h4 style=\"text-align: center;\">Le niveau d&rsquo;eau du lac n&rsquo;\u00e9tant pas assur\u00e9 \u00e0 cette p\u00e9riode, le parcours est susceptible d&rsquo;\u00eatre modifi\u00e9. Il ne sera officialis\u00e9 que d\u00e9but ao\u00fbt.\u00a0<\/h4>\t\t\t\t\t\t\t\t<\/div>\n\t\t\t\t<\/div>\n\t\t\t\t\t<\/div>\n\t\t<\/div>\n\t\t\t\t<div class=\"elementor-column elementor-col-50 elementor-top-column elementor-element elementor-element-b7bcc75\" data-id=\"b7bcc75\" data-element_type=\"column\" data-e-type=\"column\">\n\t\t\t<div class=\"elementor-widget-wrap elementor-element-populated\">\n\t\t\t\t\t\t<div class=\"elementor-element elementor-element-d6ac7fd elementor-widget elementor-widget-image\" data-id=\"d6ac7fd\" data-element_type=\"widget\" data-e-type=\"widget\" data-widget_type=\"image.default\">\n\t\t\t\t<div class=\"elementor-widget-container\">\n\t\t\t\t\t\t\t\t\t\t\t\t\t\t\t<img decoding=\"async\" width=\"1024\" height=\"721\" src=\"https:\/\/ecoswimrun.be\/wp-content\/uploads\/2019\/03\/Tableau-distance-8km-1024x721.png\" class=\"attachment-large size-large wp-image-679\" alt=\"\" srcset=\"https:\/\/ecoswimrun.be\/wp-content\/uploads\/2019\/03\/Tableau-distance-8km-1024x721.png 1024w, https:\/\/ecoswimrun.be\/wp-content\/uploads\/2019\/03\/Tableau-distance-8km-300x211.png 300w, https:\/\/ecoswimrun.be\/wp-content\/uploads\/2019\/03\/Tableau-distance-8km-768x541.png 768w, https:\/\/ecoswimrun.be\/wp-content\/uploads\/2019\/03\/Tableau-distance-8km.png 1430w\" sizes=\"(max-width: 1024px) 100vw, 1024px\" \/>\t\t\t\t\t\t\t\t\t\t\t\t\t\t\t<\/div>\n\t\t\t\t<\/div>\n\t\t\t\t\t<\/div>\n\t\t<\/div>\n\t\t\t\t\t<\/div>\n\t\t<\/section>\n\t\t\t\t<\/div>","protected":false},"excerpt":{"rendered":"<p>Parcours hippocampe 8 KM 8,879 km avec 3 zones de ravitaillements et 5 zones pour jeter vos d\u00e9chets Attention Le niveau d&rsquo;eau du lac n&rsquo;\u00e9tant pas assur\u00e9 \u00e0 cette p\u00e9riode, le parcours est susceptible d&rsquo;\u00eatre modifi\u00e9. Il ne sera officialis\u00e9 que d\u00e9but ao\u00fbt.\u00a0<\/p>","protected":false},"author":1,"featured_media":0,"parent":153,"menu_order":0,"comment_status":"closed","ping_status":"closed","template":"","meta":{"footnotes":""},"class_list":["post-111","page","type-page","status-publish","hentry"],"_links":{"self":[{"href":"https:\/\/ecoswimrun.be\/nl\/wp-json\/wp\/v2\/pages\/111","targetHints":{"allow":["GET"]}}],"collection":[{"href":"https:\/\/ecoswimrun.be\/nl\/wp-json\/wp\/v2\/pages"}],"about":[{"href":"https:\/\/ecoswimrun.be\/nl\/wp-json\/wp\/v2\/types\/page"}],"author":[{"embeddable":true,"href":"https:\/\/ecoswimrun.be\/nl\/wp-json\/wp\/v2\/users\/1"}],"replies":[{"embeddable":true,"href":"https:\/\/ecoswimrun.be\/nl\/wp-json\/wp\/v2\/comments?post=111"}],"version-history":[{"count":16,"href":"https:\/\/ecoswimrun.be\/nl\/wp-json\/wp\/v2\/pages\/111\/revisions"}],"predecessor-version":[{"id":807,"href":"https:\/\/ecoswimrun.be\/nl\/wp-json\/wp\/v2\/pages\/111\/revisions\/807"}],"up":[{"embeddable":true,"href":"https:\/\/ecoswimrun.be\/nl\/wp-json\/wp\/v2\/pages\/153"}],"wp:attachment":[{"href":"https:\/\/ecoswimrun.be\/nl\/wp-json\/wp\/v2\/media?parent=111"}],"curies":[{"name":"wp","href":"https:\/\/api.w.org\/{rel}","templated":true}]}}