{"id":283,"date":"2019-02-06T16:36:53","date_gmt":"2019-02-06T15:36:53","guid":{"rendered":"http:\/\/ecoswimrun.be\/?page_id=283"},"modified":"2024-09-21T13:29:51","modified_gmt":"2024-09-21T11:29:51","slug":"partenaires","status":"publish","type":"page","link":"http:\/\/ecoswimrun.be\/en\/partenaires\/","title":{"rendered":"Partners"},"content":{"rendered":"<div data-elementor-type=\"wp-post\" data-elementor-id=\"283\" class=\"elementor elementor-283\" data-elementor-post-type=\"page\">\n\t\t\t\t\t\t<section class=\"elementor-section elementor-top-section elementor-element elementor-element-dac45b8 elementor-section-boxed elementor-section-height-default elementor-section-height-default\" data-id=\"dac45b8\" data-element_type=\"section\" data-e-type=\"section\">\n\t\t\t\t\t\t<div class=\"elementor-container elementor-column-gap-default\">\n\t\t\t\t\t<div class=\"elementor-column elementor-col-100 elementor-top-column elementor-element elementor-element-e00c5d1\" data-id=\"e00c5d1\" data-element_type=\"column\" data-e-type=\"column\">\n\t\t\t<div class=\"elementor-widget-wrap elementor-element-populated\">\n\t\t\t\t\t\t<div class=\"elementor-element elementor-element-e92313a elementor-widget elementor-widget-text-editor\" data-id=\"e92313a\" data-element_type=\"widget\" data-e-type=\"widget\" data-widget_type=\"text-editor.default\">\n\t\t\t\t<div class=\"elementor-widget-container\">\n\t\t\t\t\t\t\t\t\t<h1 class=\"Standard\" style=\"text-align: center;\"><span style=\"color: #525252;\"><strong>This event couldn't exist without our partners. Many thanks to these organisations.<\/strong><\/span><\/h1>\t\t\t\t\t\t\t\t<\/div>\n\t\t\t\t<\/div>\n\t\t\t\t\t<\/div>\n\t\t<\/div>\n\t\t\t\t\t<\/div>\n\t\t<\/section>\n\t\t\t\t<section class=\"elementor-section elementor-top-section elementor-element elementor-element-ae4448c elementor-section-boxed elementor-section-height-default elementor-section-height-default\" data-id=\"ae4448c\" data-element_type=\"section\" data-e-type=\"section\">\n\t\t\t\t\t\t<div class=\"elementor-container elementor-column-gap-default\">\n\t\t\t\t\t<div class=\"elementor-column elementor-col-33 elementor-top-column elementor-element elementor-element-6acc53b\" data-id=\"6acc53b\" data-element_type=\"column\" data-e-type=\"column\">\n\t\t\t<div class=\"elementor-widget-wrap elementor-element-populated\">\n\t\t\t\t\t\t<div class=\"elementor-element elementor-element-f681daf elementor-widget elementor-widget-image\" data-id=\"f681daf\" data-element_type=\"widget\" data-e-type=\"widget\" data-widget_type=\"image.default\">\n\t\t\t\t<div class=\"elementor-widget-container\">\n\t\t\t\t\t\t\t\t\t\t\t\t\t\t\t<img fetchpriority=\"high\" decoding=\"async\" width=\"1024\" height=\"724\" src=\"https:\/\/ecoswimrun.be\/wp-content\/uploads\/2020\/11\/A4-heeren-1024x724.jpg\" class=\"attachment-large size-large wp-image-1543\" alt=\"\" srcset=\"https:\/\/ecoswimrun.be\/wp-content\/uploads\/2020\/11\/A4-heeren-1024x724.jpg 1024w, https:\/\/ecoswimrun.be\/wp-content\/uploads\/2020\/11\/A4-heeren-300x212.jpg 300w, https:\/\/ecoswimrun.be\/wp-content\/uploads\/2020\/11\/A4-heeren-768x543.jpg 768w, https:\/\/ecoswimrun.be\/wp-content\/uploads\/2020\/11\/A4-heeren-1528x1080.jpg 1528w, https:\/\/ecoswimrun.be\/wp-content\/uploads\/2020\/11\/A4-heeren.jpg 1754w\" sizes=\"(max-width: 1024px) 100vw, 1024px\" \/>\t\t\t\t\t\t\t\t\t\t\t\t\t\t\t<\/div>\n\t\t\t\t<\/div>\n\t\t\t\t\t<\/div>\n\t\t<\/div>\n\t\t\t\t<div class=\"elementor-column elementor-col-33 elementor-top-column elementor-element elementor-element-d39286f\" data-id=\"d39286f\" data-element_type=\"column\" data-e-type=\"column\">\n\t\t\t<div class=\"elementor-widget-wrap elementor-element-populated\">\n\t\t\t\t\t\t<div class=\"elementor-element elementor-element-306fba3 elementor-widget elementor-widget-image\" data-id=\"306fba3\" data-element_type=\"widget\" data-e-type=\"widget\" data-widget_type=\"image.default\">\n\t\t\t\t<div class=\"elementor-widget-container\">\n\t\t\t\t\t\t\t\t\t\t\t\t\t\t\t<img decoding=\"async\" width=\"593\" height=\"251\" src=\"https:\/\/ecoswimrun.be\/wp-content\/uploads\/2021\/06\/ZOGGS-logo-brand-blue.jpg\" class=\"attachment-large size-large wp-image-1587\" alt=\"\" srcset=\"https:\/\/ecoswimrun.be\/wp-content\/uploads\/2021\/06\/ZOGGS-logo-brand-blue.jpg 593w, https:\/\/ecoswimrun.be\/wp-content\/uploads\/2021\/06\/ZOGGS-logo-brand-blue-300x127.jpg 300w\" sizes=\"(max-width: 593px) 100vw, 593px\" \/>\t\t\t\t\t\t\t\t\t\t\t\t\t\t\t<\/div>\n\t\t\t\t<\/div>\n\t\t\t\t\t<\/div>\n\t\t<\/div>\n\t\t\t\t<div class=\"elementor-column elementor-col-33 elementor-top-column elementor-element elementor-element-006b013\" data-id=\"006b013\" data-element_type=\"column\" data-e-type=\"column\">\n\t\t\t<div class=\"elementor-widget-wrap elementor-element-populated\">\n\t\t\t\t\t\t<div class=\"elementor-element elementor-element-d51058f elementor-widget elementor-widget-image\" data-id=\"d51058f\" data-element_type=\"widget\" data-e-type=\"widget\" data-widget_type=\"image.default\">\n\t\t\t\t<div class=\"elementor-widget-container\">\n\t\t\t\t\t\t\t\t\t\t\t\t\t\t\t<img decoding=\"async\" width=\"1024\" height=\"904\" src=\"https:\/\/ecoswimrun.be\/wp-content\/uploads\/2024\/05\/Lupulus-logo-1024x904.png\" class=\"attachment-large size-large wp-image-82027\" alt=\"\" srcset=\"https:\/\/ecoswimrun.be\/wp-content\/uploads\/2024\/05\/Lupulus-logo-1024x904.png 1024w, https:\/\/ecoswimrun.be\/wp-content\/uploads\/2024\/05\/Lupulus-logo-300x265.png 300w, https:\/\/ecoswimrun.be\/wp-content\/uploads\/2024\/05\/Lupulus-logo-768x678.png 768w, https:\/\/ecoswimrun.be\/wp-content\/uploads\/2024\/05\/Lupulus-logo-1536x1356.png 1536w, https:\/\/ecoswimrun.be\/wp-content\/uploads\/2024\/05\/Lupulus-logo-2048x1808.png 2048w, https:\/\/ecoswimrun.be\/wp-content\/uploads\/2024\/05\/Lupulus-logo-14x12.png 14w, https:\/\/ecoswimrun.be\/wp-content\/uploads\/2024\/05\/Lupulus-logo-1223x1080.png 1223w\" sizes=\"(max-width: 1024px) 100vw, 1024px\" \/>\t\t\t\t\t\t\t\t\t\t\t\t\t\t\t<\/div>\n\t\t\t\t<\/div>\n\t\t\t\t\t<\/div>\n\t\t<\/div>\n\t\t\t\t\t<\/div>\n\t\t<\/section>\n\t\t\t\t<section class=\"elementor-section elementor-top-section elementor-element elementor-element-6ac793f elementor-section-boxed elementor-section-height-default elementor-section-height-default\" data-id=\"6ac793f\" data-element_type=\"section\" data-e-type=\"section\">\n\t\t\t\t\t\t<div class=\"elementor-container elementor-column-gap-default\">\n\t\t\t\t\t<div class=\"elementor-column elementor-col-50 elementor-top-column elementor-element elementor-element-3d676c6\" data-id=\"3d676c6\" data-element_type=\"column\" data-e-type=\"column\">\n\t\t\t<div class=\"elementor-widget-wrap elementor-element-populated\">\n\t\t\t\t\t\t<div class=\"elementor-element elementor-element-9dc8cfb elementor-widget elementor-widget-image\" data-id=\"9dc8cfb\" data-element_type=\"widget\" data-e-type=\"widget\" data-widget_type=\"image.default\">\n\t\t\t\t<div class=\"elementor-widget-container\">\n\t\t\t\t\t\t\t\t\t\t\t\t\t\t\t<img loading=\"lazy\" decoding=\"async\" width=\"1024\" height=\"610\" src=\"https:\/\/ecoswimrun.be\/wp-content\/uploads\/2021\/11\/Xrun-1024x610.png\" class=\"attachment-large size-large wp-image-1653\" alt=\"\" srcset=\"https:\/\/ecoswimrun.be\/wp-content\/uploads\/2021\/11\/Xrun-1024x610.png 1024w, https:\/\/ecoswimrun.be\/wp-content\/uploads\/2021\/11\/Xrun-300x179.png 300w, https:\/\/ecoswimrun.be\/wp-content\/uploads\/2021\/11\/Xrun-768x457.png 768w, https:\/\/ecoswimrun.be\/wp-content\/uploads\/2021\/11\/Xrun-1814x1080.png 1814w\" sizes=\"(max-width: 1024px) 100vw, 1024px\" \/>\t\t\t\t\t\t\t\t\t\t\t\t\t\t\t<\/div>\n\t\t\t\t<\/div>\n\t\t\t\t\t<\/div>\n\t\t<\/div>\n\t\t\t\t<div class=\"elementor-column elementor-col-50 elementor-top-column elementor-element elementor-element-ff27c97\" data-id=\"ff27c97\" data-element_type=\"column\" data-e-type=\"column\">\n\t\t\t<div class=\"elementor-widget-wrap elementor-element-populated\">\n\t\t\t\t\t\t<div class=\"elementor-element elementor-element-4764ace elementor-widget elementor-widget-image\" data-id=\"4764ace\" data-element_type=\"widget\" data-e-type=\"widget\" data-widget_type=\"image.default\">\n\t\t\t\t<div class=\"elementor-widget-container\">\n\t\t\t\t\t\t\t\t\t\t\t\t\t\t\t<img loading=\"lazy\" decoding=\"async\" width=\"213\" height=\"160\" src=\"https:\/\/ecoswimrun.be\/wp-content\/uploads\/2020\/01\/LOGO-TAC-Services.png\" class=\"attachment-large size-large wp-image-1079\" alt=\"\" \/>\t\t\t\t\t\t\t\t\t\t\t\t\t\t\t<\/div>\n\t\t\t\t<\/div>\n\t\t\t\t\t<\/div>\n\t\t<\/div>\n\t\t\t\t\t<\/div>\n\t\t<\/section>\n\t\t\t\t<section class=\"elementor-section elementor-top-section elementor-element elementor-element-8b65620 elementor-section-boxed elementor-section-height-default elementor-section-height-default\" data-id=\"8b65620\" data-element_type=\"section\" data-e-type=\"section\">\n\t\t\t\t\t\t<div class=\"elementor-container elementor-column-gap-default\">\n\t\t\t\t\t<div class=\"elementor-column elementor-col-25 elementor-top-column elementor-element elementor-element-33355e8\" data-id=\"33355e8\" data-element_type=\"column\" data-e-type=\"column\">\n\t\t\t<div class=\"elementor-widget-wrap elementor-element-populated\">\n\t\t\t\t\t\t<div class=\"elementor-element elementor-element-9f9373e elementor-widget elementor-widget-image\" data-id=\"9f9373e\" data-element_type=\"widget\" data-e-type=\"widget\" data-widget_type=\"image.default\">\n\t\t\t\t<div class=\"elementor-widget-container\">\n\t\t\t\t\t\t\t\t\t\t\t\t\t\t\t<img loading=\"lazy\" decoding=\"async\" width=\"800\" height=\"272\" src=\"https:\/\/ecoswimrun.be\/wp-content\/uploads\/2021\/11\/BELGIAN_TRIATHLON-HORIZONTAL-CMYK.jpg\" class=\"attachment-large size-large wp-image-1654\" alt=\"\" srcset=\"https:\/\/ecoswimrun.be\/wp-content\/uploads\/2021\/11\/BELGIAN_TRIATHLON-HORIZONTAL-CMYK.jpg 800w, https:\/\/ecoswimrun.be\/wp-content\/uploads\/2021\/11\/BELGIAN_TRIATHLON-HORIZONTAL-CMYK-300x102.jpg 300w, https:\/\/ecoswimrun.be\/wp-content\/uploads\/2021\/11\/BELGIAN_TRIATHLON-HORIZONTAL-CMYK-768x261.jpg 768w\" sizes=\"(max-width: 800px) 100vw, 800px\" \/>\t\t\t\t\t\t\t\t\t\t\t\t\t\t\t<\/div>\n\t\t\t\t<\/div>\n\t\t\t\t<div class=\"elementor-element elementor-element-fcda443 elementor-widget elementor-widget-image\" data-id=\"fcda443\" data-element_type=\"widget\" data-e-type=\"widget\" data-widget_type=\"image.default\">\n\t\t\t\t<div class=\"elementor-widget-container\">\n\t\t\t\t\t\t\t\t\t\t\t\t\t\t\t<img loading=\"lazy\" decoding=\"async\" width=\"568\" height=\"519\" src=\"https:\/\/ecoswimrun.be\/wp-content\/uploads\/2019\/11\/Adeps.png\" class=\"attachment-large size-large wp-image-1032\" alt=\"\" srcset=\"https:\/\/ecoswimrun.be\/wp-content\/uploads\/2019\/11\/Adeps.png 568w, https:\/\/ecoswimrun.be\/wp-content\/uploads\/2019\/11\/Adeps-300x274.png 300w\" sizes=\"(max-width: 568px) 100vw, 568px\" \/>\t\t\t\t\t\t\t\t\t\t\t\t\t\t\t<\/div>\n\t\t\t\t<\/div>\n\t\t\t\t\t<\/div>\n\t\t<\/div>\n\t\t\t\t<div class=\"elementor-column elementor-col-25 elementor-top-column elementor-element elementor-element-0350f93\" data-id=\"0350f93\" data-element_type=\"column\" data-e-type=\"column\">\n\t\t\t<div class=\"elementor-widget-wrap elementor-element-populated\">\n\t\t\t\t\t\t<div class=\"elementor-element elementor-element-a138c78 elementor-widget elementor-widget-image\" data-id=\"a138c78\" data-element_type=\"widget\" data-e-type=\"widget\" data-widget_type=\"image.default\">\n\t\t\t\t<div class=\"elementor-widget-container\">\n\t\t\t\t\t\t\t\t\t\t\t\t\t\t\t<img loading=\"lazy\" decoding=\"async\" width=\"203\" height=\"300\" src=\"https:\/\/ecoswimrun.be\/wp-content\/uploads\/2021\/11\/LF3_color-203x300.png\" class=\"attachment-medium size-medium wp-image-1652\" alt=\"\" srcset=\"https:\/\/ecoswimrun.be\/wp-content\/uploads\/2021\/11\/LF3_color-203x300.png 203w, https:\/\/ecoswimrun.be\/wp-content\/uploads\/2021\/11\/LF3_color-768x1135.png 768w, https:\/\/ecoswimrun.be\/wp-content\/uploads\/2021\/11\/LF3_color-693x1024.png 693w, https:\/\/ecoswimrun.be\/wp-content\/uploads\/2021\/11\/LF3_color-1024x1513.png 1024w, https:\/\/ecoswimrun.be\/wp-content\/uploads\/2021\/11\/LF3_color-731x1080.png 731w, https:\/\/ecoswimrun.be\/wp-content\/uploads\/2021\/11\/LF3_color.png 1179w\" sizes=\"(max-width: 203px) 100vw, 203px\" \/>\t\t\t\t\t\t\t\t\t\t\t\t\t\t\t<\/div>\n\t\t\t\t<\/div>\n\t\t\t\t\t<\/div>\n\t\t<\/div>\n\t\t\t\t<div class=\"elementor-column elementor-col-25 elementor-top-column elementor-element elementor-element-29f68e3\" data-id=\"29f68e3\" data-element_type=\"column\" data-e-type=\"column\">\n\t\t\t<div class=\"elementor-widget-wrap elementor-element-populated\">\n\t\t\t\t\t\t<div class=\"elementor-element elementor-element-d41af27 elementor-widget elementor-widget-image\" data-id=\"d41af27\" data-element_type=\"widget\" data-e-type=\"widget\" data-widget_type=\"image.default\">\n\t\t\t\t<div class=\"elementor-widget-container\">\n\t\t\t\t\t\t\t\t\t\t\t\t\t\t\t<img loading=\"lazy\" decoding=\"async\" width=\"474\" height=\"474\" src=\"https:\/\/ecoswimrun.be\/wp-content\/uploads\/2024\/09\/th.jpeg\" class=\"attachment-large size-large wp-image-111974\" alt=\"\" srcset=\"https:\/\/ecoswimrun.be\/wp-content\/uploads\/2024\/09\/th.jpeg 474w, https:\/\/ecoswimrun.be\/wp-content\/uploads\/2024\/09\/th-300x300.jpeg 300w, https:\/\/ecoswimrun.be\/wp-content\/uploads\/2024\/09\/th-150x150.jpeg 150w, https:\/\/ecoswimrun.be\/wp-content\/uploads\/2024\/09\/th-12x12.jpeg 12w\" sizes=\"(max-width: 474px) 100vw, 474px\" \/>\t\t\t\t\t\t\t\t\t\t\t\t\t\t\t<\/div>\n\t\t\t\t<\/div>\n\t\t\t\t\t<\/div>\n\t\t<\/div>\n\t\t\t\t<div class=\"elementor-column elementor-col-25 elementor-top-column elementor-element elementor-element-a65e6f1\" data-id=\"a65e6f1\" data-element_type=\"column\" data-e-type=\"column\">\n\t\t\t<div class=\"elementor-widget-wrap elementor-element-populated\">\n\t\t\t\t\t\t<div class=\"elementor-element elementor-element-6df227e elementor-widget elementor-widget-image\" data-id=\"6df227e\" data-element_type=\"widget\" data-e-type=\"widget\" data-widget_type=\"image.default\">\n\t\t\t\t<div class=\"elementor-widget-container\">\n\t\t\t\t\t\t\t\t\t\t\t\t\t\t\t<img loading=\"lazy\" decoding=\"async\" width=\"300\" height=\"119\" src=\"https:\/\/ecoswimrun.be\/wp-content\/uploads\/2020\/11\/lotto_plain_big-300x119.png\" class=\"attachment-medium size-medium wp-image-1541\" alt=\"\" \/>\t\t\t\t\t\t\t\t\t\t\t\t\t\t\t<\/div>\n\t\t\t\t<\/div>\n\t\t\t\t<div class=\"elementor-element elementor-element-fa58962 elementor-widget elementor-widget-image\" data-id=\"fa58962\" data-element_type=\"widget\" data-e-type=\"widget\" data-widget_type=\"image.default\">\n\t\t\t\t<div class=\"elementor-widget-container\">\n\t\t\t\t\t\t\t\t\t\t\t\t\t\t\t<img loading=\"lazy\" decoding=\"async\" width=\"87\" height=\"26\" src=\"https:\/\/ecoswimrun.be\/wp-content\/uploads\/2019\/02\/Logo-Arena.jpeg\" class=\"attachment-large size-large wp-image-598\" alt=\"\" \/>\t\t\t\t\t\t\t\t\t\t\t\t\t\t\t<\/div>\n\t\t\t\t<\/div>\n\t\t\t\t\t<\/div>\n\t\t<\/div>\n\t\t\t\t\t<\/div>\n\t\t<\/section>\n\t\t\t\t<section class=\"elementor-section elementor-top-section elementor-element elementor-element-ff37a0e elementor-section-boxed elementor-section-height-default elementor-section-height-default\" data-id=\"ff37a0e\" data-element_type=\"section\" data-e-type=\"section\">\n\t\t\t\t\t\t<div class=\"elementor-container elementor-column-gap-default\">\n\t\t\t\t\t<div class=\"elementor-column elementor-col-20 elementor-top-column elementor-element elementor-element-29986f5\" data-id=\"29986f5\" data-element_type=\"column\" data-e-type=\"column\">\n\t\t\t<div class=\"elementor-widget-wrap\">\n\t\t\t\t\t\t\t<\/div>\n\t\t<\/div>\n\t\t\t\t<div class=\"elementor-column elementor-col-20 elementor-top-column elementor-element elementor-element-7368a9c\" data-id=\"7368a9c\" data-element_type=\"column\" data-e-type=\"column\">\n\t\t\t<div class=\"elementor-widget-wrap\">\n\t\t\t\t\t\t\t<\/div>\n\t\t<\/div>\n\t\t\t\t<div class=\"elementor-column elementor-col-20 elementor-top-column elementor-element elementor-element-64c5d27\" data-id=\"64c5d27\" data-element_type=\"column\" data-e-type=\"column\">\n\t\t\t<div class=\"elementor-widget-wrap\">\n\t\t\t\t\t\t\t<\/div>\n\t\t<\/div>\n\t\t\t\t<div class=\"elementor-column elementor-col-20 elementor-top-column elementor-element elementor-element-cd12c7b\" data-id=\"cd12c7b\" data-element_type=\"column\" data-e-type=\"column\">\n\t\t\t<div class=\"elementor-widget-wrap\">\n\t\t\t\t\t\t\t<\/div>\n\t\t<\/div>\n\t\t\t\t<div class=\"elementor-column elementor-col-20 elementor-top-column elementor-element elementor-element-461753d\" data-id=\"461753d\" data-element_type=\"column\" data-e-type=\"column\">\n\t\t\t<div class=\"elementor-widget-wrap\">\n\t\t\t\t\t\t\t<\/div>\n\t\t<\/div>\n\t\t\t\t\t<\/div>\n\t\t<\/section>\n\t\t\t\t<section class=\"elementor-section elementor-top-section elementor-element elementor-element-29aafe7 elementor-section-boxed elementor-section-height-default elementor-section-height-default\" data-id=\"29aafe7\" data-element_type=\"section\" data-e-type=\"section\">\n\t\t\t\t\t\t<div class=\"elementor-container elementor-column-gap-default\">\n\t\t\t\t\t<div class=\"elementor-column elementor-col-50 elementor-top-column elementor-element elementor-element-f6a1340\" data-id=\"f6a1340\" data-element_type=\"column\" data-e-type=\"column\">\n\t\t\t<div class=\"elementor-widget-wrap elementor-element-populated\">\n\t\t\t\t\t\t<div class=\"elementor-element elementor-element-f383fc6 elementor-widget elementor-widget-image\" data-id=\"f383fc6\" data-element_type=\"widget\" data-e-type=\"widget\" data-widget_type=\"image.default\">\n\t\t\t\t<div class=\"elementor-widget-container\">\n\t\t\t\t\t\t\t\t\t\t\t\t\t\t\t<img loading=\"lazy\" decoding=\"async\" width=\"1024\" height=\"562\" src=\"https:\/\/ecoswimrun.be\/wp-content\/uploads\/2019\/10\/Logo-ecoraceevent-1024x562.jpg\" class=\"attachment-large size-large wp-image-1014\" alt=\"\" srcset=\"https:\/\/ecoswimrun.be\/wp-content\/uploads\/2019\/10\/Logo-ecoraceevent-1024x562.jpg 1024w, https:\/\/ecoswimrun.be\/wp-content\/uploads\/2019\/10\/Logo-ecoraceevent-300x165.jpg 300w, https:\/\/ecoswimrun.be\/wp-content\/uploads\/2019\/10\/Logo-ecoraceevent-768x421.jpg 768w, https:\/\/ecoswimrun.be\/wp-content\/uploads\/2019\/10\/Logo-ecoraceevent.jpg 1887w\" sizes=\"(max-width: 1024px) 100vw, 1024px\" \/>\t\t\t\t\t\t\t\t\t\t\t\t\t\t\t<\/div>\n\t\t\t\t<\/div>\n\t\t\t\t\t<\/div>\n\t\t<\/div>\n\t\t\t\t<div class=\"elementor-column elementor-col-50 elementor-top-column elementor-element elementor-element-e35148b\" data-id=\"e35148b\" data-element_type=\"column\" data-e-type=\"column\">\n\t\t\t<div class=\"elementor-widget-wrap elementor-element-populated\">\n\t\t\t\t\t\t<div class=\"elementor-element elementor-element-327dc3f elementor-widget elementor-widget-image\" data-id=\"327dc3f\" data-element_type=\"widget\" data-e-type=\"widget\" data-widget_type=\"image.default\">\n\t\t\t\t<div class=\"elementor-widget-container\">\n\t\t\t\t\t\t\t\t\t\t\t\t\t\t\t<img loading=\"lazy\" decoding=\"async\" width=\"1024\" height=\"542\" src=\"https:\/\/ecoswimrun.be\/wp-content\/uploads\/2019\/11\/Logo-ecorunandbike-seul-1024x542.jpg\" class=\"attachment-large size-large wp-image-1031\" alt=\"\" srcset=\"https:\/\/ecoswimrun.be\/wp-content\/uploads\/2019\/11\/Logo-ecorunandbike-seul-1024x542.jpg 1024w, https:\/\/ecoswimrun.be\/wp-content\/uploads\/2019\/11\/Logo-ecorunandbike-seul-300x159.jpg 300w, https:\/\/ecoswimrun.be\/wp-content\/uploads\/2019\/11\/Logo-ecorunandbike-seul-768x406.jpg 768w, https:\/\/ecoswimrun.be\/wp-content\/uploads\/2019\/11\/Logo-ecorunandbike-seul.jpg 1242w\" sizes=\"(max-width: 1024px) 100vw, 1024px\" \/>\t\t\t\t\t\t\t\t\t\t\t\t\t\t\t<\/div>\n\t\t\t\t<\/div>\n\t\t\t\t\t<\/div>\n\t\t<\/div>\n\t\t\t\t\t<\/div>\n\t\t<\/section>\n\t\t\t\t<section class=\"elementor-section elementor-top-section elementor-element elementor-element-60cf0d4 elementor-section-boxed elementor-section-height-default elementor-section-height-default\" data-id=\"60cf0d4\" data-element_type=\"section\" data-e-type=\"section\">\n\t\t\t\t\t\t<div class=\"elementor-container elementor-column-gap-default\">\n\t\t\t\t\t<div class=\"elementor-column elementor-col-16 elementor-top-column elementor-element elementor-element-6b8f871\" data-id=\"6b8f871\" data-element_type=\"column\" data-e-type=\"column\">\n\t\t\t<div class=\"elementor-widget-wrap\">\n\t\t\t\t\t\t\t<\/div>\n\t\t<\/div>\n\t\t\t\t<div class=\"elementor-column elementor-col-16 elementor-top-column elementor-element elementor-element-4477ae6\" data-id=\"4477ae6\" data-element_type=\"column\" data-e-type=\"column\">\n\t\t\t<div class=\"elementor-widget-wrap\">\n\t\t\t\t\t\t\t<\/div>\n\t\t<\/div>\n\t\t\t\t<div class=\"elementor-column elementor-col-16 elementor-top-column elementor-element elementor-element-14cac67\" data-id=\"14cac67\" data-element_type=\"column\" data-e-type=\"column\">\n\t\t\t<div class=\"elementor-widget-wrap\">\n\t\t\t\t\t\t\t<\/div>\n\t\t<\/div>\n\t\t\t\t<div class=\"elementor-column elementor-col-16 elementor-top-column elementor-element elementor-element-1233ac8\" data-id=\"1233ac8\" data-element_type=\"column\" data-e-type=\"column\">\n\t\t\t<div class=\"elementor-widget-wrap\">\n\t\t\t\t\t\t\t<\/div>\n\t\t<\/div>\n\t\t\t\t<div class=\"elementor-column elementor-col-16 elementor-top-column elementor-element elementor-element-77482ae\" data-id=\"77482ae\" data-element_type=\"column\" data-e-type=\"column\">\n\t\t\t<div class=\"elementor-widget-wrap\">\n\t\t\t\t\t\t\t<\/div>\n\t\t<\/div>\n\t\t\t\t<div class=\"elementor-column elementor-col-16 elementor-top-column elementor-element elementor-element-b0f0efa\" data-id=\"b0f0efa\" data-element_type=\"column\" data-e-type=\"column\">\n\t\t\t<div class=\"elementor-widget-wrap\">\n\t\t\t\t\t\t\t<\/div>\n\t\t<\/div>\n\t\t\t\t\t<\/div>\n\t\t<\/section>\n\t\t\t\t<section class=\"elementor-section elementor-top-section elementor-element elementor-element-b4c1260 elementor-section-boxed elementor-section-height-default elementor-section-height-default\" data-id=\"b4c1260\" data-element_type=\"section\" data-e-type=\"section\">\n\t\t\t\t\t\t<div class=\"elementor-container elementor-column-gap-default\">\n\t\t\t\t\t<div class=\"elementor-column elementor-col-16 elementor-top-column elementor-element elementor-element-12e6789\" data-id=\"12e6789\" data-element_type=\"column\" data-e-type=\"column\">\n\t\t\t<div class=\"elementor-widget-wrap\">\n\t\t\t\t\t\t\t<\/div>\n\t\t<\/div>\n\t\t\t\t<div class=\"elementor-column elementor-col-16 elementor-top-column elementor-element elementor-element-88f53b7\" data-id=\"88f53b7\" data-element_type=\"column\" data-e-type=\"column\">\n\t\t\t<div class=\"elementor-widget-wrap\">\n\t\t\t\t\t\t\t<\/div>\n\t\t<\/div>\n\t\t\t\t<div class=\"elementor-column elementor-col-16 elementor-top-column elementor-element elementor-element-3c9e014\" data-id=\"3c9e014\" data-element_type=\"column\" data-e-type=\"column\">\n\t\t\t<div class=\"elementor-widget-wrap\">\n\t\t\t\t\t\t\t<\/div>\n\t\t<\/div>\n\t\t\t\t<div class=\"elementor-column elementor-col-16 elementor-top-column elementor-element elementor-element-4cfac9f\" data-id=\"4cfac9f\" data-element_type=\"column\" data-e-type=\"column\">\n\t\t\t<div class=\"elementor-widget-wrap\">\n\t\t\t\t\t\t\t<\/div>\n\t\t<\/div>\n\t\t\t\t<div class=\"elementor-column elementor-col-16 elementor-top-column elementor-element elementor-element-3563a88\" data-id=\"3563a88\" data-element_type=\"column\" data-e-type=\"column\">\n\t\t\t<div class=\"elementor-widget-wrap\">\n\t\t\t\t\t\t\t<\/div>\n\t\t<\/div>\n\t\t\t\t<div class=\"elementor-column elementor-col-16 elementor-top-column elementor-element elementor-element-832a77f\" data-id=\"832a77f\" data-element_type=\"column\" data-e-type=\"column\">\n\t\t\t<div class=\"elementor-widget-wrap\">\n\t\t\t\t\t\t\t<\/div>\n\t\t<\/div>\n\t\t\t\t\t<\/div>\n\t\t<\/section>\n\t\t\t\t<section class=\"elementor-section elementor-top-section elementor-element elementor-element-1b53c95 elementor-section-boxed elementor-section-height-default elementor-section-height-default\" data-id=\"1b53c95\" data-element_type=\"section\" data-e-type=\"section\">\n\t\t\t\t\t\t<div class=\"elementor-container elementor-column-gap-default\">\n\t\t\t\t\t<div class=\"elementor-column elementor-col-100 elementor-top-column elementor-element elementor-element-6623282\" data-id=\"6623282\" data-element_type=\"column\" data-e-type=\"column\">\n\t\t\t<div class=\"elementor-widget-wrap elementor-element-populated\">\n\t\t\t\t\t\t<div class=\"elementor-element elementor-element-863c697 elementor-widget elementor-widget-text-editor\" data-id=\"863c697\" data-element_type=\"widget\" data-e-type=\"widget\" data-widget_type=\"text-editor.default\">\n\t\t\t\t<div class=\"elementor-widget-container\">\n\t\t\t\t\t\t\t\t\t<h3>\u00a0<\/h3><h3 style=\"text-align: center;\"><strong>If you wish to become a partner, please contact us at info@ecoraceevent.be<\/strong><\/h3>\t\t\t\t\t\t\t\t<\/div>\n\t\t\t\t<\/div>\n\t\t\t\t\t<\/div>\n\t\t<\/div>\n\t\t\t\t\t<\/div>\n\t\t<\/section>\n\t\t\t\t<\/div>","protected":false},"excerpt":{"rendered":"<p>Un \u00e9v\u00e9nement r\u00e9alisable gr\u00e2ce \u00e0 nos partenaires. Merci \u00e0 eux \u00a0 Si vous d\u00e9sirez devenir partenaire, contacter nous info@ecoraceevent.be<\/p>","protected":false},"author":1,"featured_media":0,"parent":0,"menu_order":0,"comment_status":"closed","ping_status":"closed","template":"","meta":{"footnotes":""},"class_list":["post-283","page","type-page","status-publish","hentry"],"_links":{"self":[{"href":"http:\/\/ecoswimrun.be\/en\/wp-json\/wp\/v2\/pages\/283","targetHints":{"allow":["GET"]}}],"collection":[{"href":"http:\/\/ecoswimrun.be\/en\/wp-json\/wp\/v2\/pages"}],"about":[{"href":"http:\/\/ecoswimrun.be\/en\/wp-json\/wp\/v2\/types\/page"}],"author":[{"embeddable":true,"href":"http:\/\/ecoswimrun.be\/en\/wp-json\/wp\/v2\/users\/1"}],"replies":[{"embeddable":true,"href":"http:\/\/ecoswimrun.be\/en\/wp-json\/wp\/v2\/comments?post=283"}],"version-history":[{"count":43,"href":"http:\/\/ecoswimrun.be\/en\/wp-json\/wp\/v2\/pages\/283\/revisions"}],"predecessor-version":[{"id":111978,"href":"http:\/\/ecoswimrun.be\/en\/wp-json\/wp\/v2\/pages\/283\/revisions\/111978"}],"wp:attachment":[{"href":"http:\/\/ecoswimrun.be\/en\/wp-json\/wp\/v2\/media?parent=283"}],"curies":[{"name":"wp","href":"https:\/\/api.w.org\/{rel}","templated":true}]}}