{"id":175,"date":"2019-02-02T16:39:38","date_gmt":"2019-02-02T15:39:38","guid":{"rendered":"http:\/\/ecoswimrun.be\/?page_id=175"},"modified":"2021-03-29T09:57:25","modified_gmt":"2021-03-29T07:57:25","slug":"concept","status":"publish","type":"page","link":"http:\/\/ecoswimrun.be\/en\/concept\/","title":{"rendered":"Concept"},"content":{"rendered":"<div data-elementor-type=\"wp-post\" data-elementor-id=\"175\" class=\"elementor elementor-175 elementor-bc-flex-widget\" data-elementor-post-type=\"page\">\n\t\t\t\t\t\t<section class=\"elementor-section elementor-top-section elementor-element elementor-element-c0b6337 elementor-section-boxed elementor-section-height-default elementor-section-height-default\" data-id=\"c0b6337\" data-element_type=\"section\" data-e-type=\"section\">\n\t\t\t\t\t\t<div class=\"elementor-container elementor-column-gap-default\">\n\t\t\t\t\t<div class=\"elementor-column elementor-col-100 elementor-top-column elementor-element elementor-element-f1d73b3\" data-id=\"f1d73b3\" data-element_type=\"column\" data-e-type=\"column\">\n\t\t\t<div class=\"elementor-widget-wrap elementor-element-populated\">\n\t\t\t\t\t\t<div class=\"elementor-element elementor-element-8cea717 elementor-widget elementor-widget-text-editor\" data-id=\"8cea717\" data-element_type=\"widget\" data-e-type=\"widget\" data-widget_type=\"text-editor.default\">\n\t\t\t\t<div class=\"elementor-widget-container\">\n\t\t\t\t\t\t\t\t\t<p>Le swimrun est une discipline sportive cr\u00e9\u00e9e en Su\u00e8de en 2002 par 4 amis :\u00a0 Jesper et Mats Andersson, Anders Malm et Janne Lindberg. Un soir, ils se sont lanc\u00e9s le d\u00e9fi amical de relier \u00e0 pied et en nageant le plus rapidement possible, l\u2019ile d\u2019Uto \u00e0 l\u2019\u00eele de Sandhamn au large de\u00a0Stockholm. Il n\u2019en fallut pas plus pour que Michael Lemmel et Mats Skotts cr\u00e9ent en 2006 la premi\u00e8re course de\u00a0\u00ab\u00a0swimrun\u00a0\u00bb\u00a0sous le nom de\u00a0\u00d6 till \u00f6\u00a0(\u00eele en \u00eele). Cette course de 75km (65km de course \u00e0 pied et 10km de natation) est devenue la m\u00e8re de tous les swimruns et le Saint Graal de ses pratiquants.<\/p><p>The aim of this multi-sport discipline is to connect two points on a route alternating swimming in open water and (trail) running sections. The participants swim with their running shoes and are free to use all sorts of swimming accessories but have to bear in mind they will then need to carry everything during the running sections. So whatever you take at the start of the race has to be kept until the finish line. External help is forbidden. The participants need to make some tactical decisions in order to safely progress safely and quickly through the race.<\/p><p>Littering is also strickly forbidden. Any team caucht throwing anything on the ground will be disqualified. This is a very important point for the organisers who are striving to make this race as green as possible with a target of zero impact on the environment.<\/p><p><strong>Our core values:<\/strong><\/p><ul><li>Solidarity : among team members and different teams<\/li><li>Respect : For yourself, others and environment<\/li><li>Cooperation : between team members and teams<\/li><li>Responsibility : self-refereeing by the competitors<\/li><\/ul>\t\t\t\t\t\t\t\t<\/div>\n\t\t\t\t<\/div>\n\t\t\t\t\t<\/div>\n\t\t<\/div>\n\t\t\t\t\t<\/div>\n\t\t<\/section>\n\t\t\t\t<section class=\"elementor-section elementor-top-section elementor-element elementor-element-c895056 elementor-section-boxed elementor-section-height-default elementor-section-height-default\" data-id=\"c895056\" data-element_type=\"section\" data-e-type=\"section\">\n\t\t\t\t\t\t<div class=\"elementor-container elementor-column-gap-default\">\n\t\t\t\t\t<div class=\"elementor-column elementor-col-16 elementor-top-column elementor-element elementor-element-af7da54\" data-id=\"af7da54\" data-element_type=\"column\" data-e-type=\"column\">\n\t\t\t<div class=\"elementor-widget-wrap\">\n\t\t\t\t\t\t\t<\/div>\n\t\t<\/div>\n\t\t\t\t<div class=\"elementor-column elementor-col-66 elementor-top-column elementor-element elementor-element-9dfd8eb\" data-id=\"9dfd8eb\" data-element_type=\"column\" data-e-type=\"column\">\n\t\t\t<div class=\"elementor-widget-wrap elementor-element-populated\">\n\t\t\t\t\t\t<div class=\"elementor-element elementor-element-3d091e2 elementor-widget elementor-widget-video\" data-id=\"3d091e2\" data-element_type=\"widget\" data-e-type=\"widget\" data-settings=\"{&quot;youtube_url&quot;:&quot;https:\\\/\\\/www.youtube.com\\\/watch?v=ouUiTMCjQI0&amp;t=95s&amp;ab_channel=T%C3%A9l%C3%A9Matin&quot;,&quot;video_type&quot;:&quot;youtube&quot;,&quot;controls&quot;:&quot;yes&quot;}\" data-widget_type=\"video.default\">\n\t\t\t\t<div class=\"elementor-widget-container\">\n\t\t\t\t\t\t\t<div class=\"elementor-wrapper elementor-open-inline\">\n\t\t\t<div class=\"elementor-video\"><\/div>\t\t<\/div>\n\t\t\t\t\t\t<\/div>\n\t\t\t\t<\/div>\n\t\t\t\t\t<\/div>\n\t\t<\/div>\n\t\t\t\t<div class=\"elementor-column elementor-col-16 elementor-top-column elementor-element elementor-element-e2b313a\" data-id=\"e2b313a\" data-element_type=\"column\" data-e-type=\"column\">\n\t\t\t<div class=\"elementor-widget-wrap\">\n\t\t\t\t\t\t\t<\/div>\n\t\t<\/div>\n\t\t\t\t\t<\/div>\n\t\t<\/section>\n\t\t\t\t<\/div>","protected":false},"excerpt":{"rendered":"<p>Le swimrun est une discipline sportive cr\u00e9\u00e9e en Su\u00e8de en 2002 par 4 amis :\u00a0 Jesper et Mats Andersson, Anders Malm et Janne Lindberg. Un soir, ils se sont lanc\u00e9s le d\u00e9fi amical de relier \u00e0 pied et en nageant le plus rapidement possible, l\u2019ile d\u2019Uto \u00e0 l\u2019\u00eele de Sandhamn au large de\u00a0Stockholm. Il n\u2019en&hellip; <br \/> <a class=\"read-more\" href=\"http:\/\/ecoswimrun.be\/en\/concept\/\">Read more<\/a><\/p>","protected":false},"author":1,"featured_media":0,"parent":0,"menu_order":0,"comment_status":"closed","ping_status":"closed","template":"","meta":{"footnotes":""},"class_list":["post-175","page","type-page","status-publish","hentry"],"_links":{"self":[{"href":"http:\/\/ecoswimrun.be\/en\/wp-json\/wp\/v2\/pages\/175","targetHints":{"allow":["GET"]}}],"collection":[{"href":"http:\/\/ecoswimrun.be\/en\/wp-json\/wp\/v2\/pages"}],"about":[{"href":"http:\/\/ecoswimrun.be\/en\/wp-json\/wp\/v2\/types\/page"}],"author":[{"embeddable":true,"href":"http:\/\/ecoswimrun.be\/en\/wp-json\/wp\/v2\/users\/1"}],"replies":[{"embeddable":true,"href":"http:\/\/ecoswimrun.be\/en\/wp-json\/wp\/v2\/comments?post=175"}],"version-history":[{"count":26,"href":"http:\/\/ecoswimrun.be\/en\/wp-json\/wp\/v2\/pages\/175\/revisions"}],"predecessor-version":[{"id":1659,"href":"http:\/\/ecoswimrun.be\/en\/wp-json\/wp\/v2\/pages\/175\/revisions\/1659"}],"wp:attachment":[{"href":"http:\/\/ecoswimrun.be\/en\/wp-json\/wp\/v2\/media?parent=175"}],"curies":[{"name":"wp","href":"https:\/\/api.w.org\/{rel}","templated":true}]}}