{"id":1038,"date":"2019-11-28T20:19:59","date_gmt":"2019-11-28T19:19:59","guid":{"rendered":"http:\/\/ecoswimrun.be\/?page_id=1038"},"modified":"2026-02-01T17:54:06","modified_gmt":"2026-02-01T16:54:06","slug":"lac-de-robertville","status":"publish","type":"page","link":"http:\/\/ecoswimrun.be\/en\/lac-de-robertville\/","title":{"rendered":"Lake of Robertville"},"content":{"rendered":"<div data-elementor-type=\"wp-post\" data-elementor-id=\"1038\" class=\"elementor elementor-1038\" data-elementor-post-type=\"page\">\n\t\t\t\t\t\t<section class=\"elementor-section elementor-top-section elementor-element elementor-element-44c18e9 elementor-section-boxed elementor-section-height-default elementor-section-height-default\" data-id=\"44c18e9\" data-element_type=\"section\" data-e-type=\"section\">\n\t\t\t\t\t\t<div class=\"elementor-container elementor-column-gap-default\">\n\t\t\t\t\t<div class=\"elementor-column elementor-col-100 elementor-top-column elementor-element elementor-element-2bb1651\" data-id=\"2bb1651\" data-element_type=\"column\" data-e-type=\"column\">\n\t\t\t<div class=\"elementor-widget-wrap elementor-element-populated\">\n\t\t\t\t\t\t<div class=\"elementor-element elementor-element-64b8415 elementor-widget elementor-widget-text-editor\" data-id=\"64b8415\" data-element_type=\"widget\" data-e-type=\"widget\" data-widget_type=\"text-editor.default\">\n\t\t\t\t<div class=\"elementor-widget-container\">\n\t\t\t\t\t\t\t\t\t<h2 style=\"text-align: center;\"><strong><span style=\"color: #38b557;\">New routes in 2006<\/span><\/strong><\/h2><h4 style=\"text-align: center;\"><strong><span style=\"color: #38b557;\">Return of a long-distance one way course. Departure from Lake B\u00fctgenbach and arrival in Robertville (subject to approval from the relevant authorities).<\/span><\/strong><\/h4>\t\t\t\t\t\t\t\t<\/div>\n\t\t\t\t<\/div>\n\t\t\t\t\t<\/div>\n\t\t<\/div>\n\t\t\t\t\t<\/div>\n\t\t<\/section>\n\t\t\t\t<section class=\"elementor-section elementor-top-section elementor-element elementor-element-e785e20 elementor-section-boxed elementor-section-height-default elementor-section-height-default\" data-id=\"e785e20\" data-element_type=\"section\" data-e-type=\"section\">\n\t\t\t\t\t\t<div class=\"elementor-container elementor-column-gap-default\">\n\t\t\t\t\t<div class=\"elementor-column elementor-col-100 elementor-top-column elementor-element elementor-element-cb59e11\" data-id=\"cb59e11\" data-element_type=\"column\" data-e-type=\"column\">\n\t\t\t<div class=\"elementor-widget-wrap elementor-element-populated\">\n\t\t\t\t\t\t<div class=\"elementor-element elementor-element-03a2205 elementor-widget elementor-widget-text-editor\" data-id=\"03a2205\" data-element_type=\"widget\" data-e-type=\"widget\" data-widget_type=\"text-editor.default\">\n\t\t\t\t<div class=\"elementor-widget-container\">\n\t\t\t\t\t\t\t\t\t<h2 style=\"text-align: center;\"><span style=\"color: #24a4c2;\"><strong>Seahorse race 9 km<\/strong><\/span><\/h2>\t\t\t\t\t\t\t\t<\/div>\n\t\t\t\t<\/div>\n\t\t\t\t\t<\/div>\n\t\t<\/div>\n\t\t\t\t\t<\/div>\n\t\t<\/section>\n\t\t\t\t<section class=\"elementor-section elementor-top-section elementor-element elementor-element-fc131a0 elementor-section-boxed elementor-section-height-default elementor-section-height-default\" data-id=\"fc131a0\" data-element_type=\"section\" data-e-type=\"section\">\n\t\t\t\t\t\t<div class=\"elementor-container elementor-column-gap-default\">\n\t\t\t\t\t<div class=\"elementor-column elementor-col-100 elementor-top-column elementor-element elementor-element-44a819f\" data-id=\"44a819f\" data-element_type=\"column\" data-e-type=\"column\">\n\t\t\t<div class=\"elementor-widget-wrap elementor-element-populated\">\n\t\t\t\t\t\t<div class=\"elementor-element elementor-element-ddd04f5 elementor-widget elementor-widget-text-editor\" data-id=\"ddd04f5\" data-element_type=\"widget\" data-e-type=\"widget\" data-widget_type=\"text-editor.default\">\n\t\t\t\t<div class=\"elementor-widget-container\">\n\t\t\t\t\t\t\t\t\t<h2>\u00a0<\/h2><h2 style=\"text-align: center;\"><span style=\"color: #24a4c2;\"><strong>Dolphin race 17 km<\/strong><\/span><\/h2>\t\t\t\t\t\t\t\t<\/div>\n\t\t\t\t<\/div>\n\t\t\t\t\t<\/div>\n\t\t<\/div>\n\t\t\t\t\t<\/div>\n\t\t<\/section>\n\t\t\t\t<section class=\"elementor-section elementor-top-section elementor-element elementor-element-27863b5 elementor-section-boxed elementor-section-height-default elementor-section-height-default\" data-id=\"27863b5\" data-element_type=\"section\" data-e-type=\"section\">\n\t\t\t\t\t\t<div class=\"elementor-container elementor-column-gap-default\">\n\t\t\t\t\t<div class=\"elementor-column elementor-col-100 elementor-top-column elementor-element elementor-element-bddbf14\" data-id=\"bddbf14\" data-element_type=\"column\" data-e-type=\"column\">\n\t\t\t<div class=\"elementor-widget-wrap elementor-element-populated\">\n\t\t\t\t\t\t<div class=\"elementor-element elementor-element-faee720 elementor-widget elementor-widget-text-editor\" data-id=\"faee720\" data-element_type=\"widget\" data-e-type=\"widget\" data-widget_type=\"text-editor.default\">\n\t\t\t\t<div class=\"elementor-widget-container\">\n\t\t\t\t\t\t\t\t\t<h2>\u00a0<\/h2><h2 style=\"text-align: center;\"><span style=\"color: #24a4c2;\"><strong>Parcours orque 30 km\u00a0<\/strong><\/span><\/h2>\t\t\t\t\t\t\t\t<\/div>\n\t\t\t\t<\/div>\n\t\t\t\t\t<\/div>\n\t\t<\/div>\n\t\t\t\t\t<\/div>\n\t\t<\/section>\n\t\t\t\t<section class=\"elementor-section elementor-top-section elementor-element elementor-element-0b860e3 elementor-section-boxed elementor-section-height-default elementor-section-height-default\" data-id=\"0b860e3\" data-element_type=\"section\" data-e-type=\"section\">\n\t\t\t\t\t\t<div class=\"elementor-container elementor-column-gap-default\">\n\t\t\t\t\t<div class=\"elementor-column elementor-col-100 elementor-top-column elementor-element elementor-element-a7c410d\" data-id=\"a7c410d\" data-element_type=\"column\" data-e-type=\"column\">\n\t\t\t<div class=\"elementor-widget-wrap elementor-element-populated\">\n\t\t\t\t\t\t<div class=\"elementor-element elementor-element-fba731b elementor-widget elementor-widget-text-editor\" data-id=\"fba731b\" data-element_type=\"widget\" data-e-type=\"widget\" data-widget_type=\"text-editor.default\">\n\t\t\t\t<div class=\"elementor-widget-container\">\n\t\t\t\t\t\t\t\t\t<h2 style=\"text-align: center;\"><strong>Belgian Championship <img decoding=\"async\" class=\"wp-image-1024 alignnone\" src=\"http:\/\/ecoswimrun.be\/wp-content\/uploads\/2019\/11\/bandera-belga-800x800-300x214.png\" alt=\"\" width=\"60\" height=\"43\" srcset=\"https:\/\/ecoswimrun.be\/wp-content\/uploads\/2019\/11\/bandera-belga-800x800-300x214.png 300w, https:\/\/ecoswimrun.be\/wp-content\/uploads\/2019\/11\/bandera-belga-800x800-768x547.png 768w, https:\/\/ecoswimrun.be\/wp-content\/uploads\/2019\/11\/bandera-belga-800x800.png 800w\" sizes=\"(max-width: 60px) 100vw, 60px\" \/><br \/><\/strong><\/h2>\t\t\t\t\t\t\t\t<\/div>\n\t\t\t\t<\/div>\n\t\t\t\t\t<\/div>\n\t\t<\/div>\n\t\t\t\t\t<\/div>\n\t\t<\/section>\n\t\t\t\t<\/div>","protected":false},"excerpt":{"rendered":"<p>Nouveaux parcours en 2006 Retour d&rsquo;un parcours en ligne pour la longue distance. D\u00e9part du lac de B\u00fctgenbach pour une arriv\u00e9e \u00e0 Robertville (Si nous avons l&rsquo;accord des autorit\u00e9s comp\u00e9tentes). Parcours hippocampe 9 km \u00a0 Parcours dauphin 17 km \u00a0 Parcours orque 30 km\u00a0 Championnat de Belgique<\/p>","protected":false},"author":1,"featured_media":0,"parent":0,"menu_order":0,"comment_status":"closed","ping_status":"closed","template":"","meta":{"footnotes":""},"class_list":["post-1038","page","type-page","status-publish","hentry"],"_links":{"self":[{"href":"http:\/\/ecoswimrun.be\/en\/wp-json\/wp\/v2\/pages\/1038","targetHints":{"allow":["GET"]}}],"collection":[{"href":"http:\/\/ecoswimrun.be\/en\/wp-json\/wp\/v2\/pages"}],"about":[{"href":"http:\/\/ecoswimrun.be\/en\/wp-json\/wp\/v2\/types\/page"}],"author":[{"embeddable":true,"href":"http:\/\/ecoswimrun.be\/en\/wp-json\/wp\/v2\/users\/1"}],"replies":[{"embeddable":true,"href":"http:\/\/ecoswimrun.be\/en\/wp-json\/wp\/v2\/comments?post=1038"}],"version-history":[{"count":65,"href":"http:\/\/ecoswimrun.be\/en\/wp-json\/wp\/v2\/pages\/1038\/revisions"}],"predecessor-version":[{"id":153439,"href":"http:\/\/ecoswimrun.be\/en\/wp-json\/wp\/v2\/pages\/1038\/revisions\/153439"}],"wp:attachment":[{"href":"http:\/\/ecoswimrun.be\/en\/wp-json\/wp\/v2\/media?parent=1038"}],"curies":[{"name":"wp","href":"https:\/\/api.w.org\/{rel}","templated":true}]}}